{"id":367998,"date":"2022-10-28T14:37:13","date_gmt":"2022-10-28T14:37:13","guid":{"rendered":"https:\/\/mrapple.pl\/?page_id=367998"},"modified":"2025-03-05T12:35:52","modified_gmt":"2025-03-05T12:35:52","slug":"oferta","status":"publish","type":"page","link":"https:\/\/mrapple.pl\/pl\/oferta\/","title":{"rendered":"Oferta"},"content":{"rendered":"<p>[et_pb_section fb_built=&#8221;1&#8243; _builder_version=&#8221;4.18.1&#8243; _module_preset=&#8221;default&#8221; background_color=&#8221;#E02B20&#8243; custom_padding=&#8221;10px||29px||false|false&#8221; locked=&#8221;off&#8221; global_colors_info=&#8221;{}&#8221;][et_pb_row use_custom_gutter=&#8221;on&#8221; gutter_width=&#8221;2&#8243; custom_padding_last_edited=&#8221;off|desktop&#8221; _builder_version=&#8221;4.27.4&#8243; _module_preset=&#8221;default&#8221; width=&#8221;90%&#8221; max_width=&#8221;1350px&#8221; module_alignment=&#8221;center&#8221; custom_margin=&#8221;|auto|4px|auto|false|false&#8221; custom_padding=&#8221;46px||13px|||&#8221; custom_padding_tablet=&#8221;|||95px|false|false&#8221; custom_padding_phone=&#8221;|0px||0px|false|false&#8221; global_colors_info=&#8221;{}&#8221;][et_pb_column type=&#8221;4_4&#8243; _builder_version=&#8221;4.18.0&#8243; _module_preset=&#8221;default&#8221; global_colors_info=&#8221;{}&#8221;][et_pb_text admin_label=&#8221;Acamar Header &#8211; Grace &#8211; Text &#8211; Good quality fuel for the car&#8221; _builder_version=&#8221;4.27.4&#8243; _module_preset=&#8221;default&#8221; header_text_align=&#8221;left&#8221; header_text_color=&#8221;#FFFFFF&#8221; header_font_size=&#8221;36px&#8221; header_2_font=&#8221;Courgette||||||||&#8221; header_2_text_align=&#8221;center&#8221; header_2_text_color=&#8221;#FFFFFF&#8221; header_2_font_size=&#8221;58px&#8221; header_2_letter_spacing=&#8221;-1px&#8221; header_2_line_height=&#8221;125%&#8221; custom_margin=&#8221;||6px||false|false&#8221; custom_padding=&#8221;0vw||||false|false&#8221; custom_padding_tablet=&#8221;40px||||false|false&#8221; custom_padding_phone=&#8221;0px||||false|false&#8221; custom_padding_last_edited=&#8221;on|phone&#8221; header_text_align_tablet=&#8221;left&#8221; header_text_align_phone=&#8221;center&#8221; header_text_align_last_edited=&#8221;on|phone&#8221; header_2_text_align_tablet=&#8221;left&#8221; header_2_text_align_phone=&#8221;center&#8221; header_2_text_align_last_edited=&#8221;off|desktop&#8221; header_2_font_size_tablet=&#8221;36px&#8221; header_2_font_size_phone=&#8221;32px&#8221; header_2_font_size_last_edited=&#8221;on|phone&#8221; global_colors_info=&#8221;{}&#8221;]<\/p>\n<h2>Oferta jab\u0142ek<\/h2>\n<p>[\/et_pb_text][et_pb_text _builder_version=&#8221;4.27.4&#8243; _module_preset=&#8221;default&#8221; text_font=&#8221;&#8211;et_global_body_font|300|||||||&#8221; text_text_color=&#8221;#FFFFFF&#8221; text_font_size=&#8221;14px&#8221; text_line_height=&#8221;1.8em&#8221; header_text_color=&#8221;#000000&#8243; text_orientation=&#8221;center&#8221; max_width=&#8221;1040px&#8221; module_alignment=&#8221;center&#8221; text_font_size_tablet=&#8221;&#8221; text_font_size_phone=&#8221;13px&#8221; text_font_size_last_edited=&#8221;on|phone&#8221; text_orientation_tablet=&#8221;&#8221; text_orientation_phone=&#8221;center&#8221; text_orientation_last_edited=&#8221;on|phone&#8221; module_alignment_last_edited=&#8221;off|desktop&#8221; global_colors_info=&#8221;{}&#8221;]<\/p>\n<p><strong>W naszej ofercie znajdziesz szeroki wyb\u00f3r jab\u0142ek, kt\u00f3re spe\u0142ni\u0105 oczekiwania nawet najbardziej wymagaj\u0105cych klient\u00f3w.<\/strong> Ka\u017cda odmiana wyr\u00f3\u017cnia si\u0119 unikalnym smakiem, aromatem i w\u0142a\u015bciwo\u015bciami, kt\u00f3re idealnie komponuj\u0105 si\u0119 zar\u00f3wno w codziennych przek\u0105skach, jak i w wykwintnych daniach. Odkryj r\u00f3\u017cnorodno\u015b\u0107, jak\u0105 oferujemy, i przekonaj si\u0119, dlaczego nasze jab\u0142ka s\u0105 tak cenione na ca\u0142ym \u015bwiecie.<\/p>\n<p>[\/et_pb_text][\/et_pb_column][\/et_pb_row][\/et_pb_section][et_pb_section fb_built=&#8221;1&#8243; custom_padding_last_edited=&#8221;on|desktop&#8221; admin_label=&#8221;Adhafera Blurbs &#8211; Grace&#8221; module_id=&#8221;adhafera&#8221; _builder_version=&#8221;4.27.4&#8243; _module_preset=&#8221;default&#8221; background_color=&#8221;#FFFFFF&#8221; custom_margin=&#8221;16px|||||&#8221; custom_padding=&#8221;9px||100px||false|false&#8221; custom_padding_tablet=&#8221;30px||30px||true|false&#8221; custom_padding_phone=&#8221;30px||||false|false&#8221; locked=&#8221;off&#8221; collapsed=&#8221;on&#8221; global_colors_info=&#8221;{}&#8221;][et_pb_row column_structure=&#8221;1_4,1_4,1_4,1_4&#8243; use_custom_gutter=&#8221;on&#8221; gutter_width=&#8221;2&#8243; custom_padding_last_edited=&#8221;on|phone&#8221; _builder_version=&#8221;4.27.4&#8243; _module_preset=&#8221;default&#8221; width=&#8221;90%&#8221; custom_padding=&#8221;11px||0px||false|false&#8221; custom_padding_tablet=&#8221;52px|||||&#8221; custom_padding_phone=&#8221;12px||||false|false&#8221; global_colors_info=&#8221;{}&#8221;][et_pb_column type=&#8221;1_4&#8243; _builder_version=&#8221;4.18.0&#8243; _module_preset=&#8221;default&#8221; global_colors_info=&#8221;{}&#8221;][et_pb_blurb title=&#8221;Gala Royal&#8221; image=&#8221;https:\/\/mrapple.pl\/wp-content\/uploads\/2024\/09\/apple-1-1.png&#8221; image_icon_width=&#8221;120px&#8221; _builder_version=&#8221;4.27.4&#8243; _module_preset=&#8221;default&#8221; header_level=&#8221;h3&#8243; header_font=&#8221;&#8211;et_global_heading_font|600|||||||&#8221; header_text_align=&#8221;center&#8221; header_text_color=&#8221;#E02B20&#8243; header_font_size=&#8221;26px&#8221; body_font=&#8221;&#8211;et_global_body_font|300|||||||&#8221; body_text_align=&#8221;center&#8221; body_text_color=&#8221;#444444&#8243; body_font_size=&#8221;14px&#8221; body_line_height=&#8221;1.6em&#8221; custom_margin=&#8221;20px||||false|false&#8221; custom_padding=&#8221;5px|5px|5px|5px|false|true&#8221; global_colors_info=&#8221;{}&#8221; title_text=&#8221;apple-1&#8243; hover_enabled=&#8221;0&#8243; sticky_enabled=&#8221;0&#8243;]<\/p>\n<p>Soczysta odmiana o s\u0142odkim smaku, \u015bredniej twardo\u015bci i intensywnym czerwonym kolorze.<\/p>\n<p>[\/et_pb_blurb][\/et_pb_column][et_pb_column type=&#8221;1_4&#8243; _builder_version=&#8221;4.18.0&#8243; _module_preset=&#8221;default&#8221; global_colors_info=&#8221;{}&#8221;][et_pb_blurb title=&#8221;Gala Schnico Red&#8221; image=&#8221;https:\/\/mrapple.pl\/wp-content\/uploads\/2024\/09\/apple-1-1.png&#8221; image_icon_width=&#8221;120px&#8221; _builder_version=&#8221;4.27.4&#8243; _module_preset=&#8221;default&#8221; header_level=&#8221;h3&#8243; header_font=&#8221;&#8211;et_global_heading_font|600|||||||&#8221; header_text_align=&#8221;center&#8221; header_text_color=&#8221;#E02B20&#8243; header_font_size=&#8221;26px&#8221; body_font=&#8221;&#8211;et_global_body_font|300|||||||&#8221; body_text_align=&#8221;center&#8221; body_text_color=&#8221;#444444&#8243; body_font_size=&#8221;14px&#8221; body_line_height=&#8221;1.6em&#8221; custom_margin=&#8221;20px||||false|false&#8221; custom_padding=&#8221;5px|5px|5px|5px|false|true&#8221; global_colors_info=&#8221;{}&#8221; title_text=&#8221;apple-1&#8243; hover_enabled=&#8221;0&#8243; sticky_enabled=&#8221;0&#8243;]<\/p>\n<p>Wyj\u0105tkowo chrupi\u0105ca, jasnoczerwona odmiana z nut\u0105 miodowego smaku.<\/p>\n<p>[\/et_pb_blurb][\/et_pb_column][et_pb_column type=&#8221;1_4&#8243; _builder_version=&#8221;4.18.0&#8243; _module_preset=&#8221;default&#8221; global_colors_info=&#8221;{}&#8221;][et_pb_blurb title=&#8221;Gala Schniga&#8221; image=&#8221;https:\/\/mrapple.pl\/wp-content\/uploads\/2024\/09\/apple-1-1.png&#8221; image_icon_width=&#8221;120px&#8221; _builder_version=&#8221;4.27.4&#8243; _module_preset=&#8221;default&#8221; header_level=&#8221;h3&#8243; header_font=&#8221;&#8211;et_global_heading_font|600|||||||&#8221; header_text_align=&#8221;center&#8221; header_text_color=&#8221;#E02B20&#8243; header_font_size=&#8221;26px&#8221; body_font=&#8221;&#8211;et_global_body_font|300|||||||&#8221; body_text_align=&#8221;center&#8221; body_text_color=&#8221;#444444&#8243; body_font_size=&#8221;14px&#8221; body_line_height=&#8221;1.6em&#8221; custom_margin=&#8221;20px||||false|false&#8221; custom_padding=&#8221;5px|5px|5px|5px|false|true&#8221; global_colors_info=&#8221;{}&#8221; title_text=&#8221;apple-1&#8243; hover_enabled=&#8221;0&#8243; sticky_enabled=&#8221;0&#8243;]<\/p>\n<p>Delikatnie s\u0142odka i aromatyczna, o g\u0142adkiej sk\u00f3rce i lekko pomara\u0144czowym odcieniu.<\/p>\n<p>[\/et_pb_blurb][\/et_pb_column][et_pb_column type=&#8221;1_4&#8243; _builder_version=&#8221;4.18.0&#8243; _module_preset=&#8221;default&#8221; global_colors_info=&#8221;{}&#8221;][et_pb_blurb title=&#8221;Gala Brookfield&#8221; image=&#8221;https:\/\/mrapple.pl\/wp-content\/uploads\/2024\/09\/apple-1-1.png&#8221; image_icon_width=&#8221;120px&#8221; _builder_version=&#8221;4.27.4&#8243; _module_preset=&#8221;default&#8221; header_level=&#8221;h3&#8243; header_font=&#8221;&#8211;et_global_heading_font|600|||||||&#8221; header_text_align=&#8221;center&#8221; header_text_color=&#8221;#E02B20&#8243; header_font_size=&#8221;26px&#8221; body_font=&#8221;&#8211;et_global_body_font|300|||||||&#8221; body_text_align=&#8221;center&#8221; body_text_color=&#8221;#444444&#8243; body_font_size=&#8221;14px&#8221; body_line_height=&#8221;1.6em&#8221; custom_margin=&#8221;20px||||false|false&#8221; custom_padding=&#8221;5px|5px|5px|5px|false|true&#8221; global_colors_info=&#8221;{}&#8221; title_text=&#8221;apple-1&#8243; hover_enabled=&#8221;0&#8243; sticky_enabled=&#8221;0&#8243;]<\/p>\n<p>Ciemnoczerwona, twarda odmiana o zr\u00f3wnowa\u017conym smaku i trwa\u0142ej \u015bwie\u017co\u015bci.<\/p>\n<p>[\/et_pb_blurb][\/et_pb_column][\/et_pb_row][et_pb_row column_structure=&#8221;1_5,1_5,1_5,1_5,1_5&#8243; use_custom_gutter=&#8221;on&#8221; gutter_width=&#8221;2&#8243; custom_padding_last_edited=&#8221;on|phone&#8221; _builder_version=&#8221;4.27.4&#8243; _module_preset=&#8221;default&#8221; width=&#8221;90%&#8221; custom_padding=&#8221;0px||0px||false|false&#8221; custom_padding_tablet=&#8221;52px|||||&#8221; custom_padding_phone=&#8221;12px||||false|false&#8221; global_colors_info=&#8221;{}&#8221;][et_pb_column type=&#8221;1_5&#8243; _builder_version=&#8221;4.18.0&#8243; _module_preset=&#8221;default&#8221; global_colors_info=&#8221;{}&#8221;][et_pb_blurb title=&#8221;Red Chief&#8221; image=&#8221;https:\/\/mrapple.pl\/wp-content\/uploads\/2024\/09\/apple-1-1.png&#8221; image_icon_width=&#8221;120px&#8221; _builder_version=&#8221;4.27.4&#8243; _module_preset=&#8221;default&#8221; header_level=&#8221;h3&#8243; header_font=&#8221;&#8211;et_global_heading_font|600|||||||&#8221; header_text_align=&#8221;center&#8221; header_text_color=&#8221;#E02B20&#8243; header_font_size=&#8221;26px&#8221; body_font=&#8221;&#8211;et_global_body_font|300|||||||&#8221; body_text_align=&#8221;center&#8221; body_text_color=&#8221;#444444&#8243; body_font_size=&#8221;14px&#8221; body_line_height=&#8221;1.6em&#8221; custom_margin=&#8221;20px||||false|false&#8221; custom_padding=&#8221;5px|5px|5px|5px|false|true&#8221; global_colors_info=&#8221;{}&#8221; title_text=&#8221;apple-1&#8243; hover_enabled=&#8221;0&#8243; sticky_enabled=&#8221;0&#8243;]<\/p>\n<p>Bardzo s\u0142odka i chrupi\u0105ca odmiana, o g\u0142adkiej, b\u0142yszcz\u0105cej sk\u00f3rce.<\/p>\n<p>[\/et_pb_blurb][\/et_pb_column][et_pb_column type=&#8221;1_5&#8243; _builder_version=&#8221;4.18.0&#8243; _module_preset=&#8221;default&#8221; global_colors_info=&#8221;{}&#8221;][et_pb_blurb title=&#8221;Idared&#8221; image=&#8221;https:\/\/mrapple.pl\/wp-content\/uploads\/2024\/09\/apple-1-1.png&#8221; image_icon_width=&#8221;120px&#8221; _builder_version=&#8221;4.27.4&#8243; _module_preset=&#8221;default&#8221; header_level=&#8221;h3&#8243; header_font=&#8221;&#8211;et_global_heading_font|600|||||||&#8221; header_text_align=&#8221;center&#8221; header_text_color=&#8221;#E02B20&#8243; header_font_size=&#8221;26px&#8221; body_font=&#8221;&#8211;et_global_body_font|300|||||||&#8221; body_text_align=&#8221;center&#8221; body_text_color=&#8221;#444444&#8243; body_font_size=&#8221;14px&#8221; body_line_height=&#8221;1.6em&#8221; custom_margin=&#8221;20px||||false|false&#8221; custom_padding=&#8221;5px|5px|5px|5px|false|true&#8221; global_colors_info=&#8221;{}&#8221; title_text=&#8221;apple-1&#8243; hover_enabled=&#8221;0&#8243; sticky_enabled=&#8221;0&#8243;]<\/p>\n<p>Zielono-czerwona odmiana o delikatnej kwasowo\u015bci i zwartej mi\u0105\u017cszu.<\/p>\n<p>[\/et_pb_blurb][\/et_pb_column][et_pb_column type=&#8221;1_5&#8243; _builder_version=&#8221;4.18.0&#8243; _module_preset=&#8221;default&#8221; global_colors_info=&#8221;{}&#8221;][et_pb_blurb title=&#8221;Jeronimo&#8221; image=&#8221;https:\/\/mrapple.pl\/wp-content\/uploads\/2024\/09\/apple-1-1.png&#8221; image_icon_width=&#8221;120px&#8221; _builder_version=&#8221;4.27.4&#8243; _module_preset=&#8221;default&#8221; header_level=&#8221;h3&#8243; header_font=&#8221;&#8211;et_global_heading_font|600|||||||&#8221; header_text_align=&#8221;center&#8221; header_text_color=&#8221;#E02B20&#8243; header_font_size=&#8221;26px&#8221; body_font=&#8221;&#8211;et_global_body_font|300|||||||&#8221; body_text_align=&#8221;center&#8221; body_text_color=&#8221;#444444&#8243; body_font_size=&#8221;14px&#8221; body_line_height=&#8221;1.6em&#8221; custom_margin=&#8221;20px||||false|false&#8221; custom_padding=&#8221;5px|5px|5px|5px|false|true&#8221; global_colors_info=&#8221;{}&#8221; title_text=&#8221;apple-1&#8243; hover_enabled=&#8221;0&#8243; sticky_enabled=&#8221;0&#8243;]<\/p>\n<p>Jasnoczerwona, delikatnie aromatyczna odmiana z wyj\u0105tkowo soczystym mi\u0105\u017cszem.<\/p>\n<p>[\/et_pb_blurb][\/et_pb_column][et_pb_column type=&#8221;1_5&#8243; _builder_version=&#8221;4.18.0&#8243; _module_preset=&#8221;default&#8221; global_colors_info=&#8221;{}&#8221;][et_pb_blurb title=&#8221;Evelina&#8221; image=&#8221;https:\/\/mrapple.pl\/wp-content\/uploads\/2024\/09\/apple-1-1.png&#8221; image_icon_width=&#8221;120px&#8221; _builder_version=&#8221;4.27.4&#8243; _module_preset=&#8221;default&#8221; header_level=&#8221;h3&#8243; header_font=&#8221;&#8211;et_global_heading_font|600|||||||&#8221; header_text_align=&#8221;center&#8221; header_text_color=&#8221;#E02B20&#8243; header_font_size=&#8221;26px&#8221; body_font=&#8221;&#8211;et_global_body_font|300|||||||&#8221; body_text_align=&#8221;center&#8221; body_text_color=&#8221;#444444&#8243; body_font_size=&#8221;14px&#8221; body_line_height=&#8221;1.6em&#8221; custom_margin=&#8221;20px||||false|false&#8221; custom_padding=&#8221;5px|5px|5px|5px|false|true&#8221; global_colors_info=&#8221;{}&#8221; title_text=&#8221;apple-1&#8243; hover_enabled=&#8221;0&#8243; sticky_enabled=&#8221;0&#8243;]<\/p>\n<p>Z\u0142ociste z czerwonymi akcentami, chrupi\u0105ce i lekko kwaskowate.<\/p>\n<p>[\/et_pb_blurb][\/et_pb_column][et_pb_column type=&#8221;1_5&#8243; _builder_version=&#8221;4.27.4&#8243; _module_preset=&#8221;default&#8221; global_colors_info=&#8221;{}&#8221;][et_pb_blurb title=&#8221;Prince&#8221; image=&#8221;https:\/\/mrapple.pl\/wp-content\/uploads\/2024\/09\/apple-1-1.png&#8221; image_icon_width=&#8221;120px&#8221; _builder_version=&#8221;4.27.4&#8243; _module_preset=&#8221;default&#8221; header_level=&#8221;h3&#8243; header_font=&#8221;&#8211;et_global_heading_font|600|||||||&#8221; header_text_align=&#8221;center&#8221; header_text_color=&#8221;#E02B20&#8243; header_font_size=&#8221;26px&#8221; body_font=&#8221;&#8211;et_global_body_font|300|||||||&#8221; body_text_align=&#8221;center&#8221; body_text_color=&#8221;#444444&#8243; body_font_size=&#8221;14px&#8221; body_line_height=&#8221;1.6em&#8221; custom_margin=&#8221;20px||||false|false&#8221; custom_padding=&#8221;5px|5px|5px|5px|false|true&#8221; global_colors_info=&#8221;{}&#8221; title_text=&#8221;apple-1&#8243; hover_enabled=&#8221;0&#8243; sticky_enabled=&#8221;0&#8243;]<\/p>\n<p>G\u0142\u0119bokoczerwony kolor, bardzo twardy mi\u0105\u017csz i intensywnie s\u0142odki smak.<\/p>\n<p>[\/et_pb_blurb][\/et_pb_column][\/et_pb_row][et_pb_row column_structure=&#8221;1_4,1_4,1_4,1_4&#8243; use_custom_gutter=&#8221;on&#8221; gutter_width=&#8221;2&#8243; custom_padding_last_edited=&#8221;on|phone&#8221; _builder_version=&#8221;4.27.4&#8243; _module_preset=&#8221;default&#8221; width=&#8221;90%&#8221; custom_padding=&#8221;0px||0px||false|false&#8221; custom_padding_tablet=&#8221;52px|||||&#8221; custom_padding_phone=&#8221;12px||||false|false&#8221; global_colors_info=&#8221;{}&#8221;][et_pb_column type=&#8221;1_4&#8243; _builder_version=&#8221;4.18.0&#8243; _module_preset=&#8221;default&#8221; global_colors_info=&#8221;{}&#8221;][et_pb_blurb title=&#8221;Gloster&#8221; image=&#8221;https:\/\/mrapple.pl\/wp-content\/uploads\/2024\/09\/apple-1-1.png&#8221; image_icon_width=&#8221;120px&#8221; _builder_version=&#8221;4.27.4&#8243; _module_preset=&#8221;default&#8221; header_level=&#8221;h3&#8243; header_font=&#8221;&#8211;et_global_heading_font|600|||||||&#8221; header_text_align=&#8221;center&#8221; header_text_color=&#8221;#E02B20&#8243; header_font_size=&#8221;26px&#8221; body_font=&#8221;&#8211;et_global_body_font|300|||||||&#8221; body_text_align=&#8221;center&#8221; body_text_color=&#8221;#444444&#8243; body_font_size=&#8221;14px&#8221; body_line_height=&#8221;1.6em&#8221; custom_margin=&#8221;20px||||false|false&#8221; custom_padding=&#8221;5px|5px|5px|5px|false|true&#8221; global_colors_info=&#8221;{}&#8221; title_text=&#8221;apple-1&#8243; hover_enabled=&#8221;0&#8243; sticky_enabled=&#8221;0&#8243;]<\/p>\n<p>Du\u017ce, pod\u0142u\u017cne jab\u0142ko o ciemnoczerwonej sk\u00f3rce i delikatnym smaku.<\/p>\n<p>[\/et_pb_blurb][\/et_pb_column][et_pb_column type=&#8221;1_4&#8243; _builder_version=&#8221;4.18.0&#8243; _module_preset=&#8221;default&#8221; global_colors_info=&#8221;{}&#8221;][et_pb_blurb title=&#8221;Red Cap&#8221; image=&#8221;https:\/\/mrapple.pl\/wp-content\/uploads\/2024\/09\/apple-1-1.png&#8221; image_icon_width=&#8221;120px&#8221; _builder_version=&#8221;4.27.4&#8243; _module_preset=&#8221;default&#8221; header_level=&#8221;h3&#8243; header_font=&#8221;&#8211;et_global_heading_font|600|||||||&#8221; header_text_align=&#8221;center&#8221; header_text_color=&#8221;#E02B20&#8243; header_font_size=&#8221;26px&#8221; body_font=&#8221;&#8211;et_global_body_font|300|||||||&#8221; body_text_align=&#8221;center&#8221; body_text_color=&#8221;#444444&#8243; body_font_size=&#8221;14px&#8221; body_line_height=&#8221;1.6em&#8221; custom_margin=&#8221;20px||||false|false&#8221; custom_padding=&#8221;5px|5px|5px|5px|false|true&#8221; global_colors_info=&#8221;{}&#8221; title_text=&#8221;apple-1&#8243; hover_enabled=&#8221;0&#8243; sticky_enabled=&#8221;0&#8243;]<\/p>\n<p>Intensywnie czerwone, soczyste jab\u0142ko o przyjemnej kwaskowato\u015bci.<\/p>\n<p>[\/et_pb_blurb][\/et_pb_column][et_pb_column type=&#8221;1_4&#8243; _builder_version=&#8221;4.18.0&#8243; _module_preset=&#8221;default&#8221; global_colors_info=&#8221;{}&#8221;][et_pb_blurb title=&#8221;Red Delicious&#8221; image=&#8221;https:\/\/mrapple.pl\/wp-content\/uploads\/2024\/09\/apple-1-1.png&#8221; image_icon_width=&#8221;120px&#8221; _builder_version=&#8221;4.27.4&#8243; _module_preset=&#8221;default&#8221; header_level=&#8221;h3&#8243; header_font=&#8221;&#8211;et_global_heading_font|600|||||||&#8221; header_text_align=&#8221;center&#8221; header_text_color=&#8221;#E02B20&#8243; header_font_size=&#8221;26px&#8221; body_font=&#8221;&#8211;et_global_body_font|300|||||||&#8221; body_text_align=&#8221;center&#8221; body_text_color=&#8221;#444444&#8243; body_font_size=&#8221;14px&#8221; body_line_height=&#8221;1.6em&#8221; custom_margin=&#8221;20px||||false|false&#8221; custom_padding=&#8221;5px|5px|5px|5px|false|true&#8221; global_colors_info=&#8221;{}&#8221; title_text=&#8221;apple-1&#8243; hover_enabled=&#8221;0&#8243; sticky_enabled=&#8221;0&#8243;]<\/p>\n<p>G\u0142adkie i l\u015bni\u0105ce, s\u0142odkie jab\u0142ko o ciemnoczerwonej sk\u00f3rce i aksamitnym mi\u0105\u017cszu.<\/p>\n<p>[\/et_pb_blurb][\/et_pb_column][et_pb_column type=&#8221;1_4&#8243; _builder_version=&#8221;4.18.0&#8243; _module_preset=&#8221;default&#8221; global_colors_info=&#8221;{}&#8221;][et_pb_blurb title=&#8221;Golden Delicious&#8221; image=&#8221;https:\/\/mrapple.pl\/wp-content\/uploads\/2024\/09\/apple-1-1.png&#8221; image_icon_width=&#8221;120px&#8221; _builder_version=&#8221;4.27.4&#8243; _module_preset=&#8221;default&#8221; header_level=&#8221;h3&#8243; header_font=&#8221;&#8211;et_global_heading_font|600|||||||&#8221; header_text_align=&#8221;center&#8221; header_text_color=&#8221;#E02B20&#8243; header_font_size=&#8221;26px&#8221; body_font=&#8221;&#8211;et_global_body_font|300|||||||&#8221; body_text_align=&#8221;center&#8221; body_text_color=&#8221;#444444&#8243; body_font_size=&#8221;14px&#8221; body_line_height=&#8221;1.6em&#8221; custom_margin=&#8221;20px||||false|false&#8221; custom_padding=&#8221;5px|5px|5px|5px|false|true&#8221; global_colors_info=&#8221;{}&#8221; title_text=&#8221;apple-1&#8243; hover_enabled=&#8221;0&#8243; sticky_enabled=&#8221;0&#8243;]<\/p>\n<p>\u017b\u00f3\u0142te, s\u0142odkie jab\u0142ko o g\u0142adkiej sk\u00f3rce i mi\u0119kkim mi\u0105\u017cszu.<\/p>\n<p>[\/et_pb_blurb][\/et_pb_column][\/et_pb_row][\/et_pb_section]<\/p>\n","protected":false},"excerpt":{"rendered":"<p>Oferta jab\u0142ekW naszej ofercie znajdziesz szeroki wyb\u00f3r jab\u0142ek, kt\u00f3re spe\u0142ni\u0105 oczekiwania nawet najbardziej wymagaj\u0105cych klient\u00f3w. Ka\u017cda odmiana wyr\u00f3\u017cnia si\u0119 unikalnym smakiem, aromatem i w\u0142a\u015bciwo\u015bciami, kt\u00f3re idealnie komponuj\u0105 si\u0119 zar\u00f3wno w codziennych przek\u0105skach, jak i w wykwintnych daniach. Odkryj r\u00f3\u017cnorodno\u015b\u0107, jak\u0105 oferujemy, i przekonaj si\u0119, dlaczego nasze jab\u0142ka s\u0105 tak cenione na ca\u0142ym \u015bwiecie.Soczysta odmiana o [&hellip;]<\/p>\n","protected":false},"author":2,"featured_media":0,"parent":0,"menu_order":0,"comment_status":"closed","ping_status":"open","template":"","meta":{"_et_pb_use_builder":"on","_et_pb_old_content":"","_et_gb_content_width":"","footnotes":""},"class_list":["post-367998","page","type-page","status-publish","hentry"],"_links":{"self":[{"href":"https:\/\/mrapple.pl\/pl\/wp-json\/wp\/v2\/pages\/367998","targetHints":{"allow":["GET"]}}],"collection":[{"href":"https:\/\/mrapple.pl\/pl\/wp-json\/wp\/v2\/pages"}],"about":[{"href":"https:\/\/mrapple.pl\/pl\/wp-json\/wp\/v2\/types\/page"}],"author":[{"embeddable":true,"href":"https:\/\/mrapple.pl\/pl\/wp-json\/wp\/v2\/users\/2"}],"replies":[{"embeddable":true,"href":"https:\/\/mrapple.pl\/pl\/wp-json\/wp\/v2\/comments?post=367998"}],"version-history":[{"count":21,"href":"https:\/\/mrapple.pl\/pl\/wp-json\/wp\/v2\/pages\/367998\/revisions"}],"predecessor-version":[{"id":368484,"href":"https:\/\/mrapple.pl\/pl\/wp-json\/wp\/v2\/pages\/367998\/revisions\/368484"}],"wp:attachment":[{"href":"https:\/\/mrapple.pl\/pl\/wp-json\/wp\/v2\/media?parent=367998"}],"curies":[{"name":"wp","href":"https:\/\/api.w.org\/{rel}","templated":true}]}}