{"id":367974,"date":"2022-10-28T14:24:32","date_gmt":"2022-10-28T14:24:32","guid":{"rendered":"https:\/\/mrapple.pl\/?page_id=367974"},"modified":"2025-02-27T12:23:12","modified_gmt":"2025-02-27T12:23:12","slug":"kalendarz-dostepnosci-jablek","status":"publish","type":"page","link":"https:\/\/mrapple.pl\/pl\/kalendarz-dostepnosci-jablek\/","title":{"rendered":"Kalendarz dost\u0119pno\u015bci"},"content":{"rendered":"<p>[et_pb_section fb_built=&#8221;1&#8243; _builder_version=&#8221;4.18.1&#8243; _module_preset=&#8221;default&#8221; background_color=&#8221;#E02B20&#8243; custom_padding=&#8221;10px||29px||false|false&#8221; locked=&#8221;off&#8221; global_colors_info=&#8221;{}&#8221;][et_pb_row use_custom_gutter=&#8221;on&#8221; gutter_width=&#8221;2&#8243; custom_padding_last_edited=&#8221;off|desktop&#8221; _builder_version=&#8221;4.27.4&#8243; _module_preset=&#8221;default&#8221; width=&#8221;90%&#8221; max_width=&#8221;1350px&#8221; module_alignment=&#8221;center&#8221; custom_margin=&#8221;|auto|4px|auto|false|false&#8221; custom_padding=&#8221;46px||13px|||&#8221; custom_padding_tablet=&#8221;|||95px|false|false&#8221; custom_padding_phone=&#8221;|0px||0px|false|false&#8221; global_colors_info=&#8221;{}&#8221;][et_pb_column type=&#8221;4_4&#8243; _builder_version=&#8221;4.18.0&#8243; _module_preset=&#8221;default&#8221; global_colors_info=&#8221;{}&#8221;][et_pb_text admin_label=&#8221;Acamar Header &#8211; Grace &#8211; Text &#8211; Good quality fuel for the car&#8221; _builder_version=&#8221;4.27.4&#8243; _module_preset=&#8221;default&#8221; header_text_align=&#8221;left&#8221; header_text_color=&#8221;#FFFFFF&#8221; header_font_size=&#8221;36px&#8221; header_2_font=&#8221;Courgette||||||||&#8221; header_2_text_align=&#8221;center&#8221; header_2_text_color=&#8221;#FFFFFF&#8221; header_2_font_size=&#8221;58px&#8221; header_2_letter_spacing=&#8221;-1px&#8221; header_2_line_height=&#8221;125%&#8221; text_orientation=&#8221;center&#8221; custom_margin=&#8221;||6px||false|false&#8221; custom_padding=&#8221;0vw||||false|false&#8221; custom_padding_tablet=&#8221;40px||||false|false&#8221; custom_padding_phone=&#8221;0px||||false|false&#8221; custom_padding_last_edited=&#8221;on|phone&#8221; header_text_align_tablet=&#8221;left&#8221; header_text_align_phone=&#8221;center&#8221; header_text_align_last_edited=&#8221;on|phone&#8221; header_2_text_align_tablet=&#8221;left&#8221; header_2_text_align_phone=&#8221;center&#8221; header_2_text_align_last_edited=&#8221;off|desktop&#8221; header_2_font_size_tablet=&#8221;36px&#8221; header_2_font_size_phone=&#8221;32px&#8221; header_2_font_size_last_edited=&#8221;on|phone&#8221; global_colors_info=&#8221;{}&#8221;]<\/p>\n<h2>Kalendarz dost\u0119pno\u015bci jab\u0142ek<\/h2>\n<p>[\/et_pb_text][et_pb_text _builder_version=&#8221;4.27.4&#8243; _module_preset=&#8221;default&#8221; text_font=&#8221;&#8211;et_global_body_font|300|||||||&#8221; text_text_color=&#8221;#FFFFFF&#8221; text_font_size=&#8221;14px&#8221; text_line_height=&#8221;1.8em&#8221; header_text_color=&#8221;#000000&#8243; text_orientation=&#8221;center&#8221; max_width=&#8221;1040px&#8221; module_alignment=&#8221;center&#8221; text_font_size_tablet=&#8221;&#8221; text_font_size_phone=&#8221;13px&#8221; text_font_size_last_edited=&#8221;on|phone&#8221; text_orientation_tablet=&#8221;&#8221; text_orientation_phone=&#8221;center&#8221; text_orientation_last_edited=&#8221;on|phone&#8221; module_alignment_last_edited=&#8221;off|desktop&#8221; locked=&#8221;off&#8221; global_colors_info=&#8221;{}&#8221;]<\/p>\n<p><strong>Prezentujemy kalendarz dost\u0119pno\u015bci jab\u0142ek, kt\u00f3ry pomo\u017ce Ci zaplanowa\u0107 zam\u00f3wienia zgodnie z sezonowo\u015bci\u0105 odmian.<\/strong> Zapewniamy dost\u0119pno\u015b\u0107 popularnych odmian przez ca\u0142y rok &#8211; b\u0105d\u017a na bie\u017c\u0105co z najlepszymi terminami na zakup \u015bwie\u017cych i pysznych jab\u0142ek.<\/p>\n<p>[\/et_pb_text][\/et_pb_column][\/et_pb_row][\/et_pb_section][et_pb_section fb_built=&#8221;1&#8243; custom_padding_last_edited=&#8221;on|desktop&#8221; admin_label=&#8221;Adhafera Blurbs &#8211; Grace&#8221; module_id=&#8221;adhafera&#8221; _builder_version=&#8221;4.27.4&#8243; _module_preset=&#8221;default&#8221; background_enable_color=&#8221;off&#8221; custom_padding=&#8221;9px||65px||false|false&#8221; custom_padding_tablet=&#8221;30px||30px||true|false&#8221; custom_padding_phone=&#8221;30px||||false|false&#8221; locked=&#8221;off&#8221; collapsed=&#8221;on&#8221; global_colors_info=&#8221;{}&#8221;][et_pb_row custom_padding_last_edited=&#8221;on|phone&#8221; _builder_version=&#8221;4.18.1&#8243; _module_preset=&#8221;default&#8221; custom_padding=&#8221;50px|||||&#8221; custom_padding_tablet=&#8221;60px|||||&#8221; custom_padding_phone=&#8221;15px||||false|false&#8221; global_colors_info=&#8221;{}&#8221;][et_pb_column type=&#8221;4_4&#8243; _builder_version=&#8221;4.18.0&#8243; _module_preset=&#8221;default&#8221; global_colors_info=&#8221;{}&#8221;][et_pb_image src=&#8221;https:\/\/mrapple.pl\/wp-content\/uploads\/2024\/12\/dostepnosc-jablek-w-ciagu-roku.png&#8221; title_text=&#8221;dostepnosc-jablek-w-ciagu-roku&#8221; show_in_lightbox=&#8221;on&#8221; force_fullwidth=&#8221;on&#8221; _builder_version=&#8221;4.27.4&#8243; _module_preset=&#8221;default&#8221; global_colors_info=&#8221;{}&#8221;][\/et_pb_image][\/et_pb_column][\/et_pb_row][\/et_pb_section]<\/p>\n","protected":false},"excerpt":{"rendered":"<p>Kalendarz dost\u0119pno\u015bci jab\u0142ekPrezentujemy kalendarz dost\u0119pno\u015bci jab\u0142ek, kt\u00f3ry pomo\u017ce Ci zaplanowa\u0107 zam\u00f3wienia zgodnie z sezonowo\u015bci\u0105 odmian. Zapewniamy dost\u0119pno\u015b\u0107 popularnych odmian przez ca\u0142y rok &#8211; b\u0105d\u017a na bie\u017c\u0105co z najlepszymi terminami na zakup \u015bwie\u017cych i pysznych jab\u0142ek.<\/p>\n","protected":false},"author":2,"featured_media":0,"parent":0,"menu_order":0,"comment_status":"closed","ping_status":"closed","template":"","meta":{"_et_pb_use_builder":"on","_et_pb_old_content":"","_et_gb_content_width":"","footnotes":""},"class_list":["post-367974","page","type-page","status-publish","hentry"],"_links":{"self":[{"href":"https:\/\/mrapple.pl\/pl\/wp-json\/wp\/v2\/pages\/367974","targetHints":{"allow":["GET"]}}],"collection":[{"href":"https:\/\/mrapple.pl\/pl\/wp-json\/wp\/v2\/pages"}],"about":[{"href":"https:\/\/mrapple.pl\/pl\/wp-json\/wp\/v2\/types\/page"}],"author":[{"embeddable":true,"href":"https:\/\/mrapple.pl\/pl\/wp-json\/wp\/v2\/users\/2"}],"replies":[{"embeddable":true,"href":"https:\/\/mrapple.pl\/pl\/wp-json\/wp\/v2\/comments?post=367974"}],"version-history":[{"count":20,"href":"https:\/\/mrapple.pl\/pl\/wp-json\/wp\/v2\/pages\/367974\/revisions"}],"predecessor-version":[{"id":368383,"href":"https:\/\/mrapple.pl\/pl\/wp-json\/wp\/v2\/pages\/367974\/revisions\/368383"}],"wp:attachment":[{"href":"https:\/\/mrapple.pl\/pl\/wp-json\/wp\/v2\/media?parent=367974"}],"curies":[{"name":"wp","href":"https:\/\/api.w.org\/{rel}","templated":true}]}}