{"id":367966,"date":"2022-10-28T14:14:18","date_gmt":"2022-10-28T14:14:18","guid":{"rendered":"https:\/\/mrapple.pl\/?page_id=367966"},"modified":"2025-03-04T17:17:25","modified_gmt":"2025-03-04T17:17:25","slug":"o-firmie","status":"publish","type":"page","link":"https:\/\/mrapple.pl\/pl\/o-firmie\/","title":{"rendered":"O firmie"},"content":{"rendered":"<p>[et_pb_section fb_built=&#8221;1&#8243; _builder_version=&#8221;4.18.1&#8243; _module_preset=&#8221;default&#8221; background_color=&#8221;#E02B20&#8243; custom_padding=&#8221;10px||11px||false|false&#8221; locked=&#8221;off&#8221; global_colors_info=&#8221;{}&#8221;][et_pb_row use_custom_gutter=&#8221;on&#8221; gutter_width=&#8221;2&#8243; custom_padding_last_edited=&#8221;off|desktop&#8221; _builder_version=&#8221;4.27.4&#8243; _module_preset=&#8221;default&#8221; width=&#8221;90%&#8221; max_width=&#8221;1350px&#8221; module_alignment=&#8221;center&#8221; custom_margin=&#8221;|auto|4px|auto|false|false&#8221; custom_padding=&#8221;46px||13px|||&#8221; custom_padding_tablet=&#8221;|||95px|false|false&#8221; custom_padding_phone=&#8221;|0px||0px|false|false&#8221; global_colors_info=&#8221;{}&#8221;][et_pb_column type=&#8221;4_4&#8243; _builder_version=&#8221;4.18.0&#8243; _module_preset=&#8221;default&#8221; global_colors_info=&#8221;{}&#8221;][et_pb_text admin_label=&#8221;Acamar Header &#8211; Grace &#8211; Text &#8211; Good quality fuel for the car&#8221; _builder_version=&#8221;4.27.4&#8243; _module_preset=&#8221;default&#8221; header_text_align=&#8221;left&#8221; header_text_color=&#8221;#FFFFFF&#8221; header_font_size=&#8221;36px&#8221; header_2_font=&#8221;Courgette||||||||&#8221; header_2_text_align=&#8221;center&#8221; header_2_text_color=&#8221;#FFFFFF&#8221; header_2_font_size=&#8221;58px&#8221; header_2_letter_spacing=&#8221;-1px&#8221; header_2_line_height=&#8221;125%&#8221; custom_margin=&#8221;||6px||false|false&#8221; custom_padding=&#8221;0vw||||false|false&#8221; custom_padding_tablet=&#8221;40px||||false|false&#8221; custom_padding_phone=&#8221;0px||||false|false&#8221; custom_padding_last_edited=&#8221;on|phone&#8221; header_text_align_tablet=&#8221;left&#8221; header_text_align_phone=&#8221;center&#8221; header_text_align_last_edited=&#8221;on|phone&#8221; header_2_text_align_tablet=&#8221;left&#8221; header_2_text_align_phone=&#8221;center&#8221; header_2_text_align_last_edited=&#8221;off|desktop&#8221; header_2_font_size_tablet=&#8221;36px&#8221; header_2_font_size_phone=&#8221;32px&#8221; header_2_font_size_last_edited=&#8221;on|phone&#8221; global_colors_info=&#8221;{}&#8221;]<\/p>\n<h2>Informacje o firmie<\/h2>\n<p>[\/et_pb_text][\/et_pb_column][\/et_pb_row][\/et_pb_section][et_pb_section fb_built=&#8221;1&#8243; custom_padding_last_edited=&#8221;on|desktop&#8221; admin_label=&#8221;Adhafera Blurbs &#8211; Grace&#8221; module_id=&#8221;adhafera&#8221; _builder_version=&#8221;4.27.4&#8243; _module_preset=&#8221;default&#8221; custom_padding=&#8221;9px||71px||false|false&#8221; custom_padding_tablet=&#8221;30px||30px||true|false&#8221; custom_padding_phone=&#8221;30px||||false|false&#8221; locked=&#8221;off&#8221; collapsed=&#8221;on&#8221; global_colors_info=&#8221;{}&#8221;][et_pb_row column_structure=&#8221;1_3,2_3&#8243; custom_padding_last_edited=&#8221;on|phone&#8221; _builder_version=&#8221;4.18.1&#8243; _module_preset=&#8221;default&#8221; custom_padding=&#8221;72px||24px|||&#8221; custom_padding_tablet=&#8221;72px|||||&#8221; custom_padding_phone=&#8221;22px||||false|false&#8221; global_colors_info=&#8221;{}&#8221;][et_pb_column type=&#8221;1_3&#8243; _builder_version=&#8221;4.18.0&#8243; _module_preset=&#8221;default&#8221; global_colors_info=&#8221;{}&#8221;][et_pb_text admin_label=&#8221;Acamar Header &#8211; Grace &#8211; Text &#8211; Good quality fuel for the car&#8221; _builder_version=&#8221;4.27.4&#8243; _module_preset=&#8221;default&#8221; header_text_align=&#8221;left&#8221; header_text_color=&#8221;#E02B20&#8243; header_font_size=&#8221;34px&#8221; header_2_font=&#8221;&#8211;et_global_heading_font|700|||||||&#8221; header_2_text_align=&#8221;left&#8221; header_2_text_color=&#8221;#E02B20&#8243; header_2_font_size=&#8221;34px&#8221; header_2_line_height=&#8221;125%&#8221; max_width_tablet=&#8221;100%&#8221; max_width_last_edited=&#8221;off|desktop&#8221; custom_margin=&#8221;||||false|false&#8221; custom_padding_tablet=&#8221;40px||||false|false&#8221; custom_padding_phone=&#8221;40px||||false|false&#8221; custom_padding_last_edited=&#8221;off|desktop&#8221; header_2_font_size_tablet=&#8221;36px&#8221; header_2_font_size_phone=&#8221;24px&#8221; header_2_font_size_last_edited=&#8221;on|phone&#8221; global_colors_info=&#8221;{}&#8221;]<\/p>\n<h2>Doskona\u0142a jako\u015b\u0107 <br \/>i \u015bwie\u017co\u015b\u0107 jab\u0142ek\u2026<\/h2>\n<div id=\"gtx-trans\" style=\"position: absolute; left: 497px; top: 95.5781px;\">\n<div class=\"gtx-trans-icon\"><\/div>\n<\/div>\n<p>[\/et_pb_text][\/et_pb_column][et_pb_column type=&#8221;2_3&#8243; _builder_version=&#8221;4.18.0&#8243; _module_preset=&#8221;default&#8221; global_colors_info=&#8221;{}&#8221;][et_pb_text _builder_version=&#8221;4.27.4&#8243; _module_preset=&#8221;default&#8221; text_font_size=&#8221;15px&#8221; text_line_height=&#8221;1.6em&#8221; module_alignment=&#8221;center&#8221; global_colors_info=&#8221;{}&#8221;]<\/p>\n<p data-start=\"134\" data-end=\"323\">Nasza firma specjalizuje si\u0119 w imporcie jab\u0142ek, kt\u00f3re s\u0105 nie tylko smaczne, ale tak\u017ce uprawiane z trosk\u0105 o \u015brodowisko. Stale inwestujemy w jako\u015b\u0107, by sprosta\u0107 wymaganiom naszych klient\u00f3w.<\/p>\n<p data-start=\"325\" data-end=\"521\">Mr Apple to marka, kt\u00f3ra \u0142\u0105czy lokalnych producent\u00f3w z klientami na ca\u0142ym \u015bwiecie. Nasze jab\u0142ka trafiaj\u0105 na sto\u0142y w Europie, Azji i wielu innych miejscach, zyskuj\u0105c uznanie za jako\u015b\u0107 i \u015bwie\u017co\u015b\u0107.<\/p>\n<p data-start=\"523\" data-end=\"802\">Marka <strong data-start=\"529\" data-end=\"541\">Mr Apple<\/strong> pojawi\u0142a si\u0119 na rynku po wielu latach do\u015bwiadcze\u0144 w eksporcie jab\u0142ek. Nasze has\u0142o reklamowe zosta\u0142o zainspirowane przez w\u0142a\u015bciciela, kt\u00f3ry podczas kontroli jako\u015bci jab\u0142ek mia\u0142 na sobie <strong data-start=\"727\" data-end=\"759\">czarny kapelusz cylindryczny<\/strong>, <strong data-start=\"761\" data-end=\"779\">czarny smoking<\/strong> i <strong data-start=\"782\" data-end=\"799\">czarn\u0105 muszk\u0119<\/strong>.<\/p>\n<p data-start=\"804\" data-end=\"1007\">Na przestrzeni lat <strong data-start=\"823\" data-end=\"835\">Mr Apple<\/strong> poczyni\u0142 znacz\u0105ce post\u0119py w eksporcie jab\u0142ek, wprowadzaj\u0105c <strong data-start=\"895\" data-end=\"932\">nowoczesne materia\u0142y opakowaniowe<\/strong>, kt\u00f3re pozwalaj\u0105 zachowa\u0107 jako\u015b\u0107, jak\u0105 maj\u0105 z drzewa.<\/p>\n<h4 data-start=\"1009\" data-end=\"1065\"><\/h4>\n<p>[\/et_pb_text][\/et_pb_column][\/et_pb_row][et_pb_row column_structure=&#8221;1_3,2_3&#8243; custom_padding_last_edited=&#8221;on|phone&#8221; _builder_version=&#8221;4.18.1&#8243; _module_preset=&#8221;default&#8221; custom_padding=&#8221;14px|||||&#8221; custom_padding_tablet=&#8221;72px|||||&#8221; custom_padding_phone=&#8221;22px||||false|false&#8221; global_colors_info=&#8221;{}&#8221;][et_pb_column type=&#8221;1_3&#8243; _builder_version=&#8221;4.18.0&#8243; _module_preset=&#8221;default&#8221; global_colors_info=&#8221;{}&#8221;][et_pb_text content_tablet=&#8221;<\/p>\n<h3>Doskona\u0142a jako\u015b\u0107 dla Ciebie<br \/>i Twojego biznesu<\/h3>\n<p>&#8221; content_phone=&#8221;<\/p>\n<h3>Doskona\u0142a jako\u015b\u0107 dla Ciebie i Twojego biznesu<\/h3>\n<p>&#8221; content_last_edited=&#8221;on|phone&#8221; admin_label=&#8221;Acamar Header &#8211; Grace &#8211; Text &#8211; Good quality fuel for the car&#8221; _builder_version=&#8221;4.27.4&#8243; _module_preset=&#8221;default&#8221; header_font_size=&#8221;32px&#8221; header_2_text_align=&#8221;left&#8221; header_2_text_color=&#8221;#000000&#8243; header_2_font_size=&#8221;36px&#8221; header_2_line_height=&#8221;125%&#8221; header_3_font=&#8221;|700|||||||&#8221; header_3_text_align=&#8221;left&#8221; header_3_text_color=&#8221;#000000&#8243; header_3_font_size=&#8221;30px&#8221; header_3_line_height=&#8221;125%&#8221; max_width_tablet=&#8221;100%&#8221; max_width_last_edited=&#8221;off|desktop&#8221; custom_margin=&#8221;0px||15px||false|false&#8221; custom_padding_tablet=&#8221;40px||||false|false&#8221; custom_padding_phone=&#8221;40px||||false|false&#8221; custom_padding_last_edited=&#8221;off|desktop&#8221; header_2_font_size_tablet=&#8221;36px&#8221; header_2_font_size_phone=&#8221;24px&#8221; header_2_font_size_last_edited=&#8221;on|phone&#8221; header_3_font_size_tablet=&#8221;36px&#8221; header_3_font_size_phone=&#8221;24px&#8221; header_3_font_size_last_edited=&#8221;on|phone&#8221; global_colors_info=&#8221;{}&#8221;]<\/p>\n<h3>Doskona\u0142a jako\u015b\u0107 dla Ciebie i Twojego biznesu<\/h3>\n<p>[\/et_pb_text][\/et_pb_column][et_pb_column type=&#8221;2_3&#8243; _builder_version=&#8221;4.18.0&#8243; _module_preset=&#8221;default&#8221; global_colors_info=&#8221;{}&#8221;][et_pb_text _builder_version=&#8221;4.27.4&#8243; _module_preset=&#8221;default&#8221; text_font_size=&#8221;15px&#8221; text_line_height=&#8221;1.6em&#8221; module_alignment=&#8221;center&#8221; global_colors_info=&#8221;{}&#8221;]<\/p>\n<p data-start=\"134\" data-end=\"323\"><span style=\"font-size: 15px;\">Je\u015bli szukasz niezawodnego dostawcy jab\u0142ek, kt\u00f3ry \u0142\u0105czy tradycj\u0119 z nowoczesnym podej\u015bciem, <\/span><strong data-start=\"1157\" data-end=\"1169\" style=\"font-size: 15px;\">Mr Apple<\/strong><span style=\"font-size: 15px;\"> to wyb\u00f3r, na kt\u00f3ry mo\u017cesz liczy\u0107.<\/span><\/p>\n<p data-start=\"134\" data-end=\"323\"><span style=\"font-size: 15px;\">Zapewniamy nie tylko <\/span><strong data-start=\"1228\" data-end=\"1247\" style=\"font-size: 15px;\">doskona\u0142e owoce<\/strong><span style=\"font-size: 15px;\">, ale i <\/span><strong data-start=\"1255\" data-end=\"1267\" style=\"font-size: 15px;\">zaufanie<\/strong><span style=\"font-size: 15px;\">. Jeste\u015bmy otwarci na nowych partner\u00f3w biznesowych i ch\u0119tnie podejmiemy wsp\u00f3\u0142prac\u0119 z firmami, kt\u00f3re ceni\u0105 <\/span><strong data-start=\"1379\" data-end=\"1409\" style=\"font-size: 15px;\">najwy\u017csz\u0105 jako\u015b\u0107 produkt\u00f3w<\/strong><span style=\"font-size: 15px;\">.<\/span><\/p>\n<div class=\"flex items-center justify-center\"><\/div>\n<p>[\/et_pb_text][\/et_pb_column][\/et_pb_row][\/et_pb_section]<\/p>\n","protected":false},"excerpt":{"rendered":"<p>Informacje o firmieDoskona\u0142a jako\u015b\u0107 i \u015bwie\u017co\u015b\u0107 jab\u0142ek\u2026 Nasza firma specjalizuje si\u0119 w imporcie jab\u0142ek, kt\u00f3re s\u0105 nie tylko smaczne, ale tak\u017ce uprawiane z trosk\u0105 o \u015brodowisko. Stale inwestujemy w jako\u015b\u0107, by sprosta\u0107 wymaganiom naszych klient\u00f3w. Mr Apple to marka, kt\u00f3ra \u0142\u0105czy lokalnych producent\u00f3w z klientami na ca\u0142ym \u015bwiecie. Nasze jab\u0142ka trafiaj\u0105 na sto\u0142y w Europie, [&hellip;]<\/p>\n","protected":false},"author":2,"featured_media":0,"parent":0,"menu_order":0,"comment_status":"closed","ping_status":"open","template":"","meta":{"_et_pb_use_builder":"on","_et_pb_old_content":"","_et_gb_content_width":"","footnotes":""},"class_list":["post-367966","page","type-page","status-publish","hentry"],"_links":{"self":[{"href":"https:\/\/mrapple.pl\/pl\/wp-json\/wp\/v2\/pages\/367966","targetHints":{"allow":["GET"]}}],"collection":[{"href":"https:\/\/mrapple.pl\/pl\/wp-json\/wp\/v2\/pages"}],"about":[{"href":"https:\/\/mrapple.pl\/pl\/wp-json\/wp\/v2\/types\/page"}],"author":[{"embeddable":true,"href":"https:\/\/mrapple.pl\/pl\/wp-json\/wp\/v2\/users\/2"}],"replies":[{"embeddable":true,"href":"https:\/\/mrapple.pl\/pl\/wp-json\/wp\/v2\/comments?post=367966"}],"version-history":[{"count":14,"href":"https:\/\/mrapple.pl\/pl\/wp-json\/wp\/v2\/pages\/367966\/revisions"}],"predecessor-version":[{"id":368400,"href":"https:\/\/mrapple.pl\/pl\/wp-json\/wp\/v2\/pages\/367966\/revisions\/368400"}],"wp:attachment":[{"href":"https:\/\/mrapple.pl\/pl\/wp-json\/wp\/v2\/media?parent=367966"}],"curies":[{"name":"wp","href":"https:\/\/api.w.org\/{rel}","templated":true}]}}